{"id":57112,"date":"2021-05-19T15:34:28","date_gmt":"2021-05-19T15:34:28","guid":{"rendered":"http:\/\/www.noticiasradioreflejos.com.ar\/2021\/?page_id=57112"},"modified":"2021-05-19T15:34:28","modified_gmt":"2021-05-19T15:34:28","slug":"monte-hermoso-en-vivo","status":"publish","type":"page","link":"https:\/\/www.noticiasradioreflejos.com.ar\/2021\/monte-hermoso-en-vivo\/","title":{"rendered":"Monte Hermoso en vivo"},"content":{"rendered":"<p>[vc_row][vc_column][vc_raw_html]JTNDbGluayUyMGhyZWYlM0QlMjJodHRwcyUzQSUyRiUyRmNkbmpzLmNsb3VkZmxhcmUuY29tJTJGYWpheCUyRmxpYnMlMkZ2aWRlby5qcyUyRjYuMy4yJTJGYWx0JTJGdmlkZW8tanMtY2RuLm1pbi5jc3MlMjIlMjByZWwlM0QlMjJzdHlsZXNoZWV0JTIyJTNFJTBBJTNDc2NyaXB0JTIwc3JjJTNEJTIyaHR0cHMlM0ElMkYlMkZjZG5qcy5jbG91ZGZsYXJlLmNvbSUyRmFqYXglMkZsaWJzJTJGdmlkZW8uanMlMkY2LjMuMiUyRnZpZGVvLm1pbi5qcyUyMiUzRSUzQyUyRnNjcmlwdCUzRSUzQ2JyJTIwJTJGJTNFJTBBJTNDc2NyaXB0JTIwc3JjJTNEJTIyaHR0cHMlM0ElMkYlMkZjZG5qcy5jbG91ZGZsYXJlLmNvbSUyRmFqYXglMkZsaWJzJTJGdmlkZW9qcy1jb250cmliLWhscyUyRjUuMTEuMCUyRnZpZGVvanMtY29udHJpYi1obHMubWluLmpzJTIyJTNFJTNDJTJGc2NyaXB0JTNFJTNDJTJGcCUzRSUwQSUzQ3AlM0UlM0N2aWRlbyUyMGlkJTNEJTIycGxheWVyMiUyMiUyMGNsYXNzJTNEJTIydmlkZW8tanMlMjB2anMtZGVmYXVsdC1za2luJTIyJTIwaGVpZ2h0JTNEJTIyMzYwJTIyJTIwd2lkdGglM0QlMjI2NDAlMjIlMjBjb250cm9scyUyMGF1dG9wbGF5JTIwcHJlbG9hZCUzRCUyMm5vbmUlMjIlM0UlM0Nzb3VyY2UlMjBzcmMlM0QlMjJodHRwcyUzQSUyRiUyRnN0cmVhbWluZy5yZWx0aWQuY29tLmFyJTJGaGxzJTJGbW9udGUubTN1OCUyMiUyMHR5cGUlM0QlMjJhcHBsaWNhdGlvbiUyRngtbXBlZ1VSTCUyMiUyMCUyRiUzRSUzQyUyRnZpZGVvJTNFJTNDJTJGcCUzRSUwQSUzQ3AlM0UlM0NzY3JpcHQlMjBzcmMlM0QlMjJodHRwJTNBJTJGJTJGd3d3Lm5vdGljaWFzcmFkaW9yZWZsZWpvcy5jb20uYXIlMkZqcyUyRnZpZGVvLXBsYXllci5qcyUyMiUzRSUzQyUyRnNjcmlwdCUzRSUzQyUyRnAlM0UlMEElM0NwJTNFTGFzJTIwdHJhbnNtaXNpb25lcyUyMGVuJTIwdml2byUyMGVzdCVDMyVBMW4lMjBzdWpldGFzJTIwYSUyMGxhJTIwZGlzcG9uaWJpbGlkYWQlMjBkZSUyMGludGVybmV0JTIweSUyMHN1bWluaXN0cm8lMjBlbCVDMyVBOWN0cmljbyUyMGVuJTIwbGElMjBjaXVkYWQlMjBkZSUyMG9yaWdlbi4lM0MlMkZwJTNF[\/vc_raw_html][\/vc_column][\/vc_row][vc_row][vc_column]<div  class=\"jeg_postblock_22 jeg_postblock jeg_module_hook jeg_pagination_disable jeg_col_2o3 jnews_module__0_69d043023f3e7   \" data-unique=\"jnews_module__0_69d043023f3e7\">\n                <div class=\"jeg_block_heading jeg_block_heading_6 jeg_subcat_right\">\n                    <h3 class=\"jeg_block_title\"><span>Noticias Destacadas<\/span><\/h3>\n                    \n                <\/div>\n                <div class=\"jeg_block_container\">\n                \n                <div class=\"jeg_posts_wrap\">\n                <div class=\"jeg_posts jeg_load_more_flag\"> \n                    <article class=\"jeg_post jeg_pl_md_5 format-standard\">\n                <div class=\"jeg_thumb\">\n                    \n                    <a href=\"https:\/\/www.noticiasradioreflejos.com.ar\/2021\/exito-en-la-apertura-del-2-encuentro-nacional-de-artesanos-en-sierra-de-la-ventana\/\"><div class=\"thumbnail-container animate-lazy  size-715 \"><img loading=\"lazy\" decoding=\"async\" width=\"350\" height=\"250\" src=\"https:\/\/www.noticiasradioreflejos.com.ar\/2021\/wp-content\/themes\/jnews\/assets\/img\/jeg-empty.png\" class=\"attachment-jnews-350x250 size-jnews-350x250 lazyload wp-post-image\" alt=\"Exito en la apertura del 2\u00b0 Encuentro Nacional de Artesanos en Sierra de la Ventana\" sizes=\"auto, (max-width: 350px) 100vw, 350px\" data-src=\"https:\/\/www.noticiasradioreflejos.com.ar\/2021\/wp-content\/uploads\/2026\/04\/encuentro-de-artesanos-350x250.jpg\" data-srcset=\"https:\/\/www.noticiasradioreflejos.com.ar\/2021\/wp-content\/uploads\/2026\/04\/encuentro-de-artesanos-350x250.jpg 350w, https:\/\/www.noticiasradioreflejos.com.ar\/2021\/wp-content\/uploads\/2026\/04\/encuentro-de-artesanos-120x86.jpg 120w, https:\/\/www.noticiasradioreflejos.com.ar\/2021\/wp-content\/uploads\/2026\/04\/encuentro-de-artesanos-750x536.jpg 750w, https:\/\/www.noticiasradioreflejos.com.ar\/2021\/wp-content\/uploads\/2026\/04\/encuentro-de-artesanos-1140x815.jpg 1140w\" data-sizes=\"auto\" data-expand=\"700\" \/><\/div><\/a>\n                    <div class=\"jeg_post_category\">\n                        <span><a href=\"https:\/\/www.noticiasradioreflejos.com.ar\/2021\/category\/cultura\/\" class=\"category-cultura\">Cultura<\/a><\/span>\n                    <\/div>\n                <\/div>\n                <div class=\"jeg_postblock_content\">\n                    <h3 class=\"jeg_post_title\">\n                        <a href=\"https:\/\/www.noticiasradioreflejos.com.ar\/2021\/exito-en-la-apertura-del-2-encuentro-nacional-de-artesanos-en-sierra-de-la-ventana\/\">Exito en la apertura del 2\u00b0 Encuentro Nacional de Artesanos en Sierra de la Ventana<\/a>\n                    <\/h3>\n                    <div class=\"jeg_post_meta\"><div class=\"jeg_meta_date\"><a href=\"https:\/\/www.noticiasradioreflejos.com.ar\/2021\/exito-en-la-apertura-del-2-encuentro-nacional-de-artesanos-en-sierra-de-la-ventana\/\" ><i class=\"fa fa-clock-o\"><\/i> 3 de abril de 2026<\/a><\/div><\/div>\n                <\/div>\n            <\/article><article class=\"jeg_post jeg_pl_md_5 format-standard\">\n                <div class=\"jeg_thumb\">\n                    \n                    <a href=\"https:\/\/www.noticiasradioreflejos.com.ar\/2021\/viernes-de-transicion-del-sol-radiante-al-aire-polar-en-la-comarca\/\"><div class=\"thumbnail-container animate-lazy  size-715 \"><img loading=\"lazy\" decoding=\"async\" width=\"350\" height=\"250\" src=\"https:\/\/www.noticiasradioreflejos.com.ar\/2021\/wp-content\/themes\/jnews\/assets\/img\/jeg-empty.png\" class=\"attachment-jnews-350x250 size-jnews-350x250 lazyload wp-post-image\" alt=\"Se espera un viernes agradable.\" sizes=\"auto, (max-width: 350px) 100vw, 350px\" data-src=\"https:\/\/www.noticiasradioreflejos.com.ar\/2021\/wp-content\/uploads\/2025\/05\/Sierra-de-la-Ventana-Otono-Panoramica-2-350x250.jpg\" data-srcset=\"https:\/\/www.noticiasradioreflejos.com.ar\/2021\/wp-content\/uploads\/2025\/05\/Sierra-de-la-Ventana-Otono-Panoramica-2-350x250.jpg 350w, https:\/\/www.noticiasradioreflejos.com.ar\/2021\/wp-content\/uploads\/2025\/05\/Sierra-de-la-Ventana-Otono-Panoramica-2-120x86.jpg 120w, https:\/\/www.noticiasradioreflejos.com.ar\/2021\/wp-content\/uploads\/2025\/05\/Sierra-de-la-Ventana-Otono-Panoramica-2-750x536.jpg 750w\" data-sizes=\"auto\" data-expand=\"700\" \/><\/div><\/a>\n                    <div class=\"jeg_post_category\">\n                        <span><a href=\"https:\/\/www.noticiasradioreflejos.com.ar\/2021\/category\/ciencia-y-tecnologia\/\" class=\"category-ciencia-y-tecnologia\">Ciencia y Tecnolog\u00eda<\/a><\/span>\n                    <\/div>\n                <\/div>\n                <div class=\"jeg_postblock_content\">\n                    <h3 class=\"jeg_post_title\">\n                        <a href=\"https:\/\/www.noticiasradioreflejos.com.ar\/2021\/viernes-de-transicion-del-sol-radiante-al-aire-polar-en-la-comarca\/\">Viernes de transici\u00f3n: del sol radiante al aire polar en la comarca<\/a>\n                    <\/h3>\n                    <div class=\"jeg_post_meta\"><div class=\"jeg_meta_date\"><a href=\"https:\/\/www.noticiasradioreflejos.com.ar\/2021\/viernes-de-transicion-del-sol-radiante-al-aire-polar-en-la-comarca\/\" ><i class=\"fa fa-clock-o\"><\/i> 3 de abril de 2026<\/a><\/div><\/div>\n                <\/div>\n            <\/article><article class=\"jeg_post jeg_pl_md_5 format-standard\">\n                <div class=\"jeg_thumb\">\n                    \n                    <a href=\"https:\/\/www.noticiasradioreflejos.com.ar\/2021\/sierra-de-la-ventana-el-terreno-donde-se-forjo-el-soldado-de-la-foto-mas-iconica-de-malvinas\/\"><div class=\"thumbnail-container animate-lazy  size-715 \"><img loading=\"lazy\" decoding=\"async\" width=\"350\" height=\"250\" src=\"https:\/\/www.noticiasradioreflejos.com.ar\/2021\/wp-content\/themes\/jnews\/assets\/img\/jeg-empty.png\" class=\"attachment-jnews-350x250 size-jnews-350x250 lazyload wp-post-image\" alt=\"Sierra de la Ventana: El terreno donde se forj\u00f3 el soldado de la foto m\u00e1s ic\u00f3nica de Malvinas\" sizes=\"auto, (max-width: 350px) 100vw, 350px\" data-src=\"https:\/\/www.noticiasradioreflejos.com.ar\/2021\/wp-content\/uploads\/2026\/04\/Batista-Malvinas-350x250.jpg\" data-srcset=\"https:\/\/www.noticiasradioreflejos.com.ar\/2021\/wp-content\/uploads\/2026\/04\/Batista-Malvinas-350x250.jpg 350w, https:\/\/www.noticiasradioreflejos.com.ar\/2021\/wp-content\/uploads\/2026\/04\/Batista-Malvinas-120x86.jpg 120w\" data-sizes=\"auto\" data-expand=\"700\" \/><\/div><\/a>\n                    <div class=\"jeg_post_category\">\n                        <span><a href=\"https:\/\/www.noticiasradioreflejos.com.ar\/2021\/category\/cultura\/\" class=\"category-cultura\">Cultura<\/a><\/span>\n                    <\/div>\n                <\/div>\n                <div class=\"jeg_postblock_content\">\n                    <h3 class=\"jeg_post_title\">\n                        <a href=\"https:\/\/www.noticiasradioreflejos.com.ar\/2021\/sierra-de-la-ventana-el-terreno-donde-se-forjo-el-soldado-de-la-foto-mas-iconica-de-malvinas\/\">Sierra de la Ventana: El terreno donde se forj\u00f3 el soldado de la foto m\u00e1s ic\u00f3nica de Malvinas<\/a>\n                    <\/h3>\n                    <div class=\"jeg_post_meta\"><div class=\"jeg_meta_date\"><a href=\"https:\/\/www.noticiasradioreflejos.com.ar\/2021\/sierra-de-la-ventana-el-terreno-donde-se-forjo-el-soldado-de-la-foto-mas-iconica-de-malvinas\/\" ><i class=\"fa fa-clock-o\"><\/i> 3 de abril de 2026<\/a><\/div><\/div>\n                <\/div>\n            <\/article><article class=\"jeg_post jeg_pl_md_5 format-standard\">\n                <div class=\"jeg_thumb\">\n                    \n                    <a href=\"https:\/\/www.noticiasradioreflejos.com.ar\/2021\/artemis-ii-recupera-la-conexion-la-mision-sigue-firme-tras-un-jueves-complicado\/\"><div class=\"thumbnail-container animate-lazy  size-715 \"><img loading=\"lazy\" decoding=\"async\" width=\"350\" height=\"250\" src=\"https:\/\/www.noticiasradioreflejos.com.ar\/2021\/wp-content\/themes\/jnews\/assets\/img\/jeg-empty.png\" class=\"attachment-jnews-350x250 size-jnews-350x250 lazyload wp-post-image\" alt=\"Artemis II recupera la conexi\u00f3n: la misi\u00f3n sigue firme tras un jueves complicado\" sizes=\"auto, (max-width: 350px) 100vw, 350px\" data-src=\"https:\/\/www.noticiasradioreflejos.com.ar\/2021\/wp-content\/uploads\/2026\/04\/artemis-350x250.jpg\" data-srcset=\"https:\/\/www.noticiasradioreflejos.com.ar\/2021\/wp-content\/uploads\/2026\/04\/artemis-350x250.jpg 350w, https:\/\/www.noticiasradioreflejos.com.ar\/2021\/wp-content\/uploads\/2026\/04\/artemis-120x86.jpg 120w, https:\/\/www.noticiasradioreflejos.com.ar\/2021\/wp-content\/uploads\/2026\/04\/artemis-750x536.jpg 750w\" data-sizes=\"auto\" data-expand=\"700\" \/><\/div><\/a>\n                    <div class=\"jeg_post_category\">\n                        <span><a href=\"https:\/\/www.noticiasradioreflejos.com.ar\/2021\/category\/ciencia-y-tecnologia\/\" class=\"category-ciencia-y-tecnologia\">Ciencia y Tecnolog\u00eda<\/a><\/span>\n                    <\/div>\n                <\/div>\n                <div class=\"jeg_postblock_content\">\n                    <h3 class=\"jeg_post_title\">\n                        <a href=\"https:\/\/www.noticiasradioreflejos.com.ar\/2021\/artemis-ii-recupera-la-conexion-la-mision-sigue-firme-tras-un-jueves-complicado\/\">Artemis II recupera la conexi\u00f3n: la misi\u00f3n sigue firme tras un jueves complicado<\/a>\n                    <\/h3>\n                    <div class=\"jeg_post_meta\"><div class=\"jeg_meta_date\"><a href=\"https:\/\/www.noticiasradioreflejos.com.ar\/2021\/artemis-ii-recupera-la-conexion-la-mision-sigue-firme-tras-un-jueves-complicado\/\" ><i class=\"fa fa-clock-o\"><\/i> 3 de abril de 2026<\/a><\/div><\/div>\n                <\/div>\n            <\/article>\n                <\/div>\n            <\/div>\n                <div class='module-overlay'>\n                <div class='preloader_type preloader_dot'>\n                    <div class=\"module-preloader jeg_preloader dot\">\n                        <span><\/span><span><\/span><span><\/span>\n                    <\/div>\n                    <div class=\"module-preloader jeg_preloader circle\">\n                        <div class=\"jnews_preloader_circle_outer\">\n                            <div class=\"jnews_preloader_circle_inner\"><\/div>\n                        <\/div>\n                    <\/div>\n                    <div class=\"module-preloader jeg_preloader square\">\n                        <div class=\"jeg_square\"><div class=\"jeg_square_inner\"><\/div><\/div>\n                    <\/div>\n                <\/div>\n            <\/div>\n            <\/div>\n            <div class=\"jeg_block_navigation\">\n                <div class='navigation_overlay'><div class='module-preloader jeg_preloader'><span><\/span><span><\/span><span><\/span><\/div><\/div>\n                \n                \n            <\/div>\n                \n                <script>var jnews_module__0_69d043023f3e7 = {\"header_icon\":\"\",\"first_title\":\"Noticias Destacadas\",\"second_title\":\"\",\"url\":\"\",\"header_type\":\"heading_6\",\"header_background\":\"\",\"header_secondary_background\":\"\",\"header_text_color\":\"\",\"header_line_color\":\"\",\"header_accent_color\":\"\",\"header_filter_category\":\"\",\"header_filter_author\":\"\",\"header_filter_tag\":\"\",\"header_filter_text\":\"All\",\"post_type\":\"post\",\"content_type\":\"all\",\"number_post\":\"4\",\"post_offset\":\"0\",\"unique_content\":\"disable\",\"include_post\":\"\",\"exclude_post\":\"\",\"include_category\":\"\",\"exclude_category\":\"\",\"include_author\":\"\",\"include_tag\":\"48\",\"exclude_tag\":\"\",\"aiovg_categories\":\"\",\"aiovg_tags\":\"\",\"sort_by\":\"latest\",\"date_format\":\"default\",\"date_format_custom\":\"Y\\\/m\\\/d\",\"force_normal_image_load\":\"\",\"pagination_mode\":\"disable\",\"pagination_nextprev_showtext\":\"\",\"pagination_number_post\":3,\"pagination_scroll_limit\":0,\"boxed\":\"\",\"boxed_shadow\":\"\",\"el_id\":\"\",\"el_class\":\"\",\"scheme\":\"\",\"column_width\":\"auto\",\"title_color\":\"\",\"accent_color\":\"\",\"alt_color\":\"\",\"excerpt_color\":\"\",\"css\":\"\",\"compatible_column_notice\":\"\",\"paged\":1,\"column_class\":\"jeg_col_2o3\",\"class\":\"jnews_block_22\"};<\/script>\n            <\/div>[\/vc_column][\/vc_row]<\/p>\n","protected":false},"excerpt":{"rendered":"<p>[vc_row][vc_column][vc_raw_html]JTNDbGluayUyMGhyZWYlM0QlMjJodHRwcyUzQSUyRiUyRmNkbmpzLmNsb3VkZmxhcmUuY29tJTJGYWpheCUyRmxpYnMlMkZ2aWRlby5qcyUyRjYuMy4yJTJGYWx0JTJGdmlkZW8tanMtY2RuLm1pbi5jc3MlMjIlMjByZWwlM0QlMjJzdHlsZXNoZWV0JTIyJTNFJTBBJTNDc2NyaXB0JTIwc3JjJTNEJTIyaHR0cHMlM0ElMkYlMkZjZG5qcy5jbG91ZGZsYXJlLmNvbSUyRmFqYXglMkZsaWJzJTJGdmlkZW8uanMlMkY2LjMuMiUyRnZpZGVvLm1pbi5qcyUyMiUzRSUzQyUyRnNjcmlwdCUzRSUzQ2JyJTIwJTJGJTNFJTBBJTNDc2NyaXB0JTIwc3JjJTNEJTIyaHR0cHMlM0ElMkYlMkZjZG5qcy5jbG91ZGZsYXJlLmNvbSUyRmFqYXglMkZsaWJzJTJGdmlkZW9qcy1jb250cmliLWhscyUyRjUuMTEuMCUyRnZpZGVvanMtY29udHJpYi1obHMubWluLmpzJTIyJTNFJTNDJTJGc2NyaXB0JTNFJTNDJTJGcCUzRSUwQSUzQ3AlM0UlM0N2aWRlbyUyMGlkJTNEJTIycGxheWVyMiUyMiUyMGNsYXNzJTNEJTIydmlkZW8tanMlMjB2anMtZGVmYXVsdC1za2luJTIyJTIwaGVpZ2h0JTNEJTIyMzYwJTIyJTIwd2lkdGglM0QlMjI2NDAlMjIlMjBjb250cm9scyUyMGF1dG9wbGF5JTIwcHJlbG9hZCUzRCUyMm5vbmUlMjIlM0UlM0Nzb3VyY2UlMjBzcmMlM0QlMjJodHRwcyUzQSUyRiUyRnN0cmVhbWluZy5yZWx0aWQuY29tLmFyJTJGaGxzJTJGbW9udGUubTN1OCUyMiUyMHR5cGUlM0QlMjJhcHBsaWNhdGlvbiUyRngtbXBlZ1VSTCUyMiUyMCUyRiUzRSUzQyUyRnZpZGVvJTNFJTNDJTJGcCUzRSUwQSUzQ3AlM0UlM0NzY3JpcHQlMjBzcmMlM0QlMjJodHRwJTNBJTJGJTJGd3d3Lm5vdGljaWFzcmFkaW9yZWZsZWpvcy5jb20uYXIlMkZqcyUyRnZpZGVvLXBsYXllci5qcyUyMiUzRSUzQyUyRnNjcmlwdCUzRSUzQyUyRnAlM0UlMEElM0NwJTNFTGFzJTIwdHJhbnNtaXNpb25lcyUyMGVuJTIwdml2byUyMGVzdCVDMyVBMW4lMjBzdWpldGFzJTIwYSUyMGxhJTIwZGlzcG9uaWJpbGlkYWQlMjBkZSUyMGludGVybmV0JTIweSUyMHN1bWluaXN0cm8lMjBlbCVDMyVBOWN0cmljbyUyMGVuJTIwbGElMjBjaXVkYWQlMjBkZSUyMG9yaWdlbi4lM0MlMkZwJTNF[\/vc_raw_html][\/vc_column][\/vc_row][vc_row][vc_column][\/vc_column][\/vc_row]<\/p>\n","protected":false},"author":1,"featured_media":0,"parent":0,"menu_order":0,"comment_status":"closed","ping_status":"closed","template":"","meta":{"footnotes":""},"class_list":["post-57112","page","type-page","status-publish","hentry"],"yoast_head":"<!-- This site is optimized with the Yoast SEO plugin v25.9 - https:\/\/yoast.com\/wordpress\/plugins\/seo\/ -->\n<title>Monte Hermoso en vivo - Noticias Radio Reflejos<\/title>\n<meta name=\"robots\" content=\"index, follow, max-snippet:-1, max-image-preview:large, max-video-preview:-1\" \/>\n<link rel=\"canonical\" href=\"https:\/\/www.noticiasradioreflejos.com.ar\/2021\/monte-hermoso-en-vivo\/\" \/>\n<meta property=\"og:locale\" content=\"es_ES\" \/>\n<meta property=\"og:type\" content=\"article\" \/>\n<meta property=\"og:title\" content=\"Monte Hermoso en vivo - Noticias Radio Reflejos\" \/>\n<meta property=\"og:description\" content=\"[vc_row][vc_column][vc_raw_html]JTNDbGluayUyMGhyZWYlM0QlMjJodHRwcyUzQSUyRiUyRmNkbmpzLmNsb3VkZmxhcmUuY29tJTJGYWpheCUyRmxpYnMlMkZ2aWRlby5qcyUyRjYuMy4yJTJGYWx0JTJGdmlkZW8tanMtY2RuLm1pbi5jc3MlMjIlMjByZWwlM0QlMjJzdHlsZXNoZWV0JTIyJTNFJTBBJTNDc2NyaXB0JTIwc3JjJTNEJTIyaHR0cHMlM0ElMkYlMkZjZG5qcy5jbG91ZGZsYXJlLmNvbSUyRmFqYXglMkZsaWJzJTJGdmlkZW8uanMlMkY2LjMuMiUyRnZpZGVvLm1pbi5qcyUyMiUzRSUzQyUyRnNjcmlwdCUzRSUzQ2JyJTIwJTJGJTNFJTBBJTNDc2NyaXB0JTIwc3JjJTNEJTIyaHR0cHMlM0ElMkYlMkZjZG5qcy5jbG91ZGZsYXJlLmNvbSUyRmFqYXglMkZsaWJzJTJGdmlkZW9qcy1jb250cmliLWhscyUyRjUuMTEuMCUyRnZpZGVvanMtY29udHJpYi1obHMubWluLmpzJTIyJTNFJTNDJTJGc2NyaXB0JTNFJTNDJTJGcCUzRSUwQSUzQ3AlM0UlM0N2aWRlbyUyMGlkJTNEJTIycGxheWVyMiUyMiUyMGNsYXNzJTNEJTIydmlkZW8tanMlMjB2anMtZGVmYXVsdC1za2luJTIyJTIwaGVpZ2h0JTNEJTIyMzYwJTIyJTIwd2lkdGglM0QlMjI2NDAlMjIlMjBjb250cm9scyUyMGF1dG9wbGF5JTIwcHJlbG9hZCUzRCUyMm5vbmUlMjIlM0UlM0Nzb3VyY2UlMjBzcmMlM0QlMjJodHRwcyUzQSUyRiUyRnN0cmVhbWluZy5yZWx0aWQuY29tLmFyJTJGaGxzJTJGbW9udGUubTN1OCUyMiUyMHR5cGUlM0QlMjJhcHBsaWNhdGlvbiUyRngtbXBlZ1VSTCUyMiUyMCUyRiUzRSUzQyUyRnZpZGVvJTNFJTNDJTJGcCUzRSUwQSUzQ3AlM0UlM0NzY3JpcHQlMjBzcmMlM0QlMjJodHRwJTNBJTJGJTJGd3d3Lm5vdGljaWFzcmFkaW9yZWZsZWpvcy5jb20uYXIlMkZqcyUyRnZpZGVvLXBsYXllci5qcyUyMiUzRSUzQyUyRnNjcmlwdCUzRSUzQyUyRnAlM0UlMEElM0NwJTNFTGFzJTIwdHJhbnNtaXNpb25lcyUyMGVuJTIwdml2byUyMGVzdCVDMyVBMW4lMjBzdWpldGFzJTIwYSUyMGxhJTIwZGlzcG9uaWJpbGlkYWQlMjBkZSUyMGludGVybmV0JTIweSUyMHN1bWluaXN0cm8lMjBlbCVDMyVBOWN0cmljbyUyMGVuJTIwbGElMjBjaXVkYWQlMjBkZSUyMG9yaWdlbi4lM0MlMkZwJTNF[\/vc_raw_html][\/vc_column][\/vc_row][vc_row][vc_column][\/vc_column][\/vc_row]\" \/>\n<meta property=\"og:url\" content=\"https:\/\/www.noticiasradioreflejos.com.ar\/2021\/monte-hermoso-en-vivo\/\" \/>\n<meta property=\"og:site_name\" content=\"Noticias Radio Reflejos\" \/>\n<meta property=\"og:image\" content=\"https:\/\/www.noticiasradioreflejos.com.ar\/2021\/wp-content\/uploads\/2021\/07\/logosol300x200.png\" \/>\n\t<meta property=\"og:image:width\" content=\"300\" \/>\n\t<meta property=\"og:image:height\" content=\"200\" \/>\n\t<meta property=\"og:image:type\" content=\"image\/png\" \/>\n<meta name=\"twitter:card\" content=\"summary_large_image\" \/>\n<script type=\"application\/ld+json\" class=\"yoast-schema-graph\">{\"@context\":\"https:\/\/schema.org\",\"@graph\":[{\"@type\":\"WebPage\",\"@id\":\"https:\/\/www.noticiasradioreflejos.com.ar\/2021\/monte-hermoso-en-vivo\/\",\"url\":\"https:\/\/www.noticiasradioreflejos.com.ar\/2021\/monte-hermoso-en-vivo\/\",\"name\":\"Monte Hermoso en vivo - Noticias Radio Reflejos\",\"isPartOf\":{\"@id\":\"https:\/\/www.noticiasradioreflejos.com.ar\/2021\/#website\"},\"datePublished\":\"2021-05-19T15:34:28+00:00\",\"breadcrumb\":{\"@id\":\"https:\/\/www.noticiasradioreflejos.com.ar\/2021\/monte-hermoso-en-vivo\/#breadcrumb\"},\"inLanguage\":\"es\",\"potentialAction\":[{\"@type\":\"ReadAction\",\"target\":[\"https:\/\/www.noticiasradioreflejos.com.ar\/2021\/monte-hermoso-en-vivo\/\"]}]},{\"@type\":\"BreadcrumbList\",\"@id\":\"https:\/\/www.noticiasradioreflejos.com.ar\/2021\/monte-hermoso-en-vivo\/#breadcrumb\",\"itemListElement\":[{\"@type\":\"ListItem\",\"position\":1,\"name\":\"Portada\",\"item\":\"https:\/\/www.noticiasradioreflejos.com.ar\/2021\/\"},{\"@type\":\"ListItem\",\"position\":2,\"name\":\"Monte Hermoso en vivo\"}]},{\"@type\":\"WebSite\",\"@id\":\"https:\/\/www.noticiasradioreflejos.com.ar\/2021\/#website\",\"url\":\"https:\/\/www.noticiasradioreflejos.com.ar\/2021\/\",\"name\":\"Noticias Radio Reflejos\",\"description\":\"Las noticias de mi comarca\",\"potentialAction\":[{\"@type\":\"SearchAction\",\"target\":{\"@type\":\"EntryPoint\",\"urlTemplate\":\"https:\/\/www.noticiasradioreflejos.com.ar\/2021\/?s={search_term_string}\"},\"query-input\":{\"@type\":\"PropertyValueSpecification\",\"valueRequired\":true,\"valueName\":\"search_term_string\"}}],\"inLanguage\":\"es\"}]}<\/script>\n<!-- \/ Yoast SEO plugin. -->","yoast_head_json":{"title":"Monte Hermoso en vivo - Noticias Radio Reflejos","robots":{"index":"index","follow":"follow","max-snippet":"max-snippet:-1","max-image-preview":"max-image-preview:large","max-video-preview":"max-video-preview:-1"},"canonical":"https:\/\/www.noticiasradioreflejos.com.ar\/2021\/monte-hermoso-en-vivo\/","og_locale":"es_ES","og_type":"article","og_title":"Monte Hermoso en vivo - Noticias Radio Reflejos","og_description":"[vc_row][vc_column][vc_raw_html]JTNDbGluayUyMGhyZWYlM0QlMjJodHRwcyUzQSUyRiUyRmNkbmpzLmNsb3VkZmxhcmUuY29tJTJGYWpheCUyRmxpYnMlMkZ2aWRlby5qcyUyRjYuMy4yJTJGYWx0JTJGdmlkZW8tanMtY2RuLm1pbi5jc3MlMjIlMjByZWwlM0QlMjJzdHlsZXNoZWV0JTIyJTNFJTBBJTNDc2NyaXB0JTIwc3JjJTNEJTIyaHR0cHMlM0ElMkYlMkZjZG5qcy5jbG91ZGZsYXJlLmNvbSUyRmFqYXglMkZsaWJzJTJGdmlkZW8uanMlMkY2LjMuMiUyRnZpZGVvLm1pbi5qcyUyMiUzRSUzQyUyRnNjcmlwdCUzRSUzQ2JyJTIwJTJGJTNFJTBBJTNDc2NyaXB0JTIwc3JjJTNEJTIyaHR0cHMlM0ElMkYlMkZjZG5qcy5jbG91ZGZsYXJlLmNvbSUyRmFqYXglMkZsaWJzJTJGdmlkZW9qcy1jb250cmliLWhscyUyRjUuMTEuMCUyRnZpZGVvanMtY29udHJpYi1obHMubWluLmpzJTIyJTNFJTNDJTJGc2NyaXB0JTNFJTNDJTJGcCUzRSUwQSUzQ3AlM0UlM0N2aWRlbyUyMGlkJTNEJTIycGxheWVyMiUyMiUyMGNsYXNzJTNEJTIydmlkZW8tanMlMjB2anMtZGVmYXVsdC1za2luJTIyJTIwaGVpZ2h0JTNEJTIyMzYwJTIyJTIwd2lkdGglM0QlMjI2NDAlMjIlMjBjb250cm9scyUyMGF1dG9wbGF5JTIwcHJlbG9hZCUzRCUyMm5vbmUlMjIlM0UlM0Nzb3VyY2UlMjBzcmMlM0QlMjJodHRwcyUzQSUyRiUyRnN0cmVhbWluZy5yZWx0aWQuY29tLmFyJTJGaGxzJTJGbW9udGUubTN1OCUyMiUyMHR5cGUlM0QlMjJhcHBsaWNhdGlvbiUyRngtbXBlZ1VSTCUyMiUyMCUyRiUzRSUzQyUyRnZpZGVvJTNFJTNDJTJGcCUzRSUwQSUzQ3AlM0UlM0NzY3JpcHQlMjBzcmMlM0QlMjJodHRwJTNBJTJGJTJGd3d3Lm5vdGljaWFzcmFkaW9yZWZsZWpvcy5jb20uYXIlMkZqcyUyRnZpZGVvLXBsYXllci5qcyUyMiUzRSUzQyUyRnNjcmlwdCUzRSUzQyUyRnAlM0UlMEElM0NwJTNFTGFzJTIwdHJhbnNtaXNpb25lcyUyMGVuJTIwdml2byUyMGVzdCVDMyVBMW4lMjBzdWpldGFzJTIwYSUyMGxhJTIwZGlzcG9uaWJpbGlkYWQlMjBkZSUyMGludGVybmV0JTIweSUyMHN1bWluaXN0cm8lMjBlbCVDMyVBOWN0cmljbyUyMGVuJTIwbGElMjBjaXVkYWQlMjBkZSUyMG9yaWdlbi4lM0MlMkZwJTNF[\/vc_raw_html][\/vc_column][\/vc_row][vc_row][vc_column][\/vc_column][\/vc_row]","og_url":"https:\/\/www.noticiasradioreflejos.com.ar\/2021\/monte-hermoso-en-vivo\/","og_site_name":"Noticias Radio Reflejos","og_image":[{"width":300,"height":200,"url":"https:\/\/www.noticiasradioreflejos.com.ar\/2021\/wp-content\/uploads\/2021\/07\/logosol300x200.png","type":"image\/png"}],"twitter_card":"summary_large_image","schema":{"@context":"https:\/\/schema.org","@graph":[{"@type":"WebPage","@id":"https:\/\/www.noticiasradioreflejos.com.ar\/2021\/monte-hermoso-en-vivo\/","url":"https:\/\/www.noticiasradioreflejos.com.ar\/2021\/monte-hermoso-en-vivo\/","name":"Monte Hermoso en vivo - Noticias Radio Reflejos","isPartOf":{"@id":"https:\/\/www.noticiasradioreflejos.com.ar\/2021\/#website"},"datePublished":"2021-05-19T15:34:28+00:00","breadcrumb":{"@id":"https:\/\/www.noticiasradioreflejos.com.ar\/2021\/monte-hermoso-en-vivo\/#breadcrumb"},"inLanguage":"es","potentialAction":[{"@type":"ReadAction","target":["https:\/\/www.noticiasradioreflejos.com.ar\/2021\/monte-hermoso-en-vivo\/"]}]},{"@type":"BreadcrumbList","@id":"https:\/\/www.noticiasradioreflejos.com.ar\/2021\/monte-hermoso-en-vivo\/#breadcrumb","itemListElement":[{"@type":"ListItem","position":1,"name":"Portada","item":"https:\/\/www.noticiasradioreflejos.com.ar\/2021\/"},{"@type":"ListItem","position":2,"name":"Monte Hermoso en vivo"}]},{"@type":"WebSite","@id":"https:\/\/www.noticiasradioreflejos.com.ar\/2021\/#website","url":"https:\/\/www.noticiasradioreflejos.com.ar\/2021\/","name":"Noticias Radio Reflejos","description":"Las noticias de mi comarca","potentialAction":[{"@type":"SearchAction","target":{"@type":"EntryPoint","urlTemplate":"https:\/\/www.noticiasradioreflejos.com.ar\/2021\/?s={search_term_string}"},"query-input":{"@type":"PropertyValueSpecification","valueRequired":true,"valueName":"search_term_string"}}],"inLanguage":"es"}]}},"_links":{"self":[{"href":"https:\/\/www.noticiasradioreflejos.com.ar\/2021\/wp-json\/wp\/v2\/pages\/57112","targetHints":{"allow":["GET"]}}],"collection":[{"href":"https:\/\/www.noticiasradioreflejos.com.ar\/2021\/wp-json\/wp\/v2\/pages"}],"about":[{"href":"https:\/\/www.noticiasradioreflejos.com.ar\/2021\/wp-json\/wp\/v2\/types\/page"}],"author":[{"embeddable":true,"href":"https:\/\/www.noticiasradioreflejos.com.ar\/2021\/wp-json\/wp\/v2\/users\/1"}],"replies":[{"embeddable":true,"href":"https:\/\/www.noticiasradioreflejos.com.ar\/2021\/wp-json\/wp\/v2\/comments?post=57112"}],"version-history":[{"count":1,"href":"https:\/\/www.noticiasradioreflejos.com.ar\/2021\/wp-json\/wp\/v2\/pages\/57112\/revisions"}],"predecessor-version":[{"id":57113,"href":"https:\/\/www.noticiasradioreflejos.com.ar\/2021\/wp-json\/wp\/v2\/pages\/57112\/revisions\/57113"}],"wp:attachment":[{"href":"https:\/\/www.noticiasradioreflejos.com.ar\/2021\/wp-json\/wp\/v2\/media?parent=57112"}],"curies":[{"name":"wp","href":"https:\/\/api.w.org\/{rel}","templated":true}]}}