{"id":120438,"date":"2025-06-19T09:59:41","date_gmt":"2025-06-19T12:59:41","guid":{"rendered":"https:\/\/www.noticiasradioreflejos.com.ar\/2021\/?page_id=120438"},"modified":"2025-06-19T16:32:40","modified_gmt":"2025-06-19T19:32:40","slug":"contribuciones","status":"publish","type":"page","link":"https:\/\/www.noticiasradioreflejos.com.ar\/2021\/contribuciones\/","title":{"rendered":"Contribuciones"},"content":{"rendered":"<p>[vc_row][vc_column][vc_column_text]En <strong>Noticias Radio Reflejos<\/strong> creemos que la sociedad necesita informaci\u00f3n confiable guiada por el inter\u00e9s p\u00fablico. Por eso nos comprometemos a publicar art\u00edculos elaborados con rigurosidad y profesionalismo. Nuestro contenido siempre ser\u00e1 libre. Y para sostenerlo necesitamos el <strong>apoyo<\/strong> econ\u00f3mico de las y los lectores.<\/p>\n<p>Desde aqu\u00ed podes ayudarnos a continuar con nuestro servicio con aportes econ\u00f3micos por \u00fanica vez o suscribirte a contribuciones mensuales.[\/vc_column_text][\/vc_column][\/vc_row][vc_row equal_height=\u00bbyes\u00bb vc_row_background=\u00bb\u00bb][vc_column width=\u00bb1\/3&#8243;][vc_btn title=\u00bb$5.000&#8243; style=\u00bbcustom\u00bb custom_background=\u00bb#ffe600&#8243; custom_text=\u00bb#191700&#8243; size=\u00bblg\u00bb link=\u00bburl:https%3A%2F%2Fwww.mercadopago.com.ar%2Fsubscriptions%2Fcheckout%3Fpreapproval_plan_id%3D2c93808497460297019755711fb80509|target:_blank\u00bb][vc_column_text]<strong>Suscripci\u00f3n Mensual<\/strong>[\/vc_column_text][\/vc_column][vc_column width=\u00bb1\/3&#8243;][vc_btn title=\u00bb$20.000&#8243; style=\u00bbcustom\u00bb custom_background=\u00bb#ffe600&#8243; custom_text=\u00bb#191700&#8243; size=\u00bblg\u00bb link=\u00bburl:https%3A%2F%2Fmpago.la%2F1rmh21X|target:_blank\u00bb][vc_column_text]<strong>Aporte por \u00fanica vez<\/strong>[\/vc_column_text][\/vc_column][vc_column width=\u00bb1\/3&#8243;][vc_btn title=\u00bb$10.000&#8243; style=\u00bbcustom\u00bb custom_background=\u00bb#ffe600&#8243; custom_text=\u00bb#191700&#8243; size=\u00bblg\u00bb link=\u00bburl:https%3A%2F%2Fmpago.la%2F1SWJpuK|target:_blank\u00bb el_class=\u00bbcenter-content\u00bb][vc_column_text]<strong>Aporte por \u00fanica vez<\/strong>[\/vc_column_text][\/vc_column][\/vc_row][vc_row][vc_column][vc_single_image image=\u00bb120473&#8243; img_size=\u00bbmedium\u00bb alignment=\u00bbcenter\u00bb][\/vc_column][\/vc_row]<\/p>\n","protected":false},"excerpt":{"rendered":"<p>[vc_row][vc_column][vc_column_text]En Noticias Radio Reflejos creemos que la sociedad necesita informaci\u00f3n confiable guiada por el inter\u00e9s p\u00fablico. Por eso nos comprometemos a publicar art\u00edculos elaborados con rigurosidad y profesionalismo. Nuestro contenido siempre ser\u00e1 libre. Y para sostenerlo necesitamos el apoyo econ\u00f3mico de las y los lectores. Desde aqu\u00ed podes ayudarnos a continuar con nuestro servicio con [&hellip;]<\/p>\n","protected":false},"author":1,"featured_media":0,"parent":0,"menu_order":0,"comment_status":"closed","ping_status":"closed","template":"","meta":{"footnotes":""},"class_list":["post-120438","page","type-page","status-publish","hentry"],"yoast_head":"<!-- This site is optimized with the Yoast SEO plugin v25.9 - https:\/\/yoast.com\/wordpress\/plugins\/seo\/ -->\n<title>Contribuciones - Noticias Radio Reflejos<\/title>\n<meta name=\"robots\" content=\"index, follow, max-snippet:-1, max-image-preview:large, max-video-preview:-1\" \/>\n<link rel=\"canonical\" href=\"https:\/\/www.noticiasradioreflejos.com.ar\/2021\/contribuciones\/\" \/>\n<meta property=\"og:locale\" content=\"es_ES\" \/>\n<meta property=\"og:type\" content=\"article\" \/>\n<meta property=\"og:title\" content=\"Contribuciones - Noticias Radio Reflejos\" \/>\n<meta property=\"og:description\" content=\"[vc_row][vc_column][vc_column_text]En Noticias Radio Reflejos creemos que la sociedad necesita informaci\u00f3n confiable guiada por el inter\u00e9s p\u00fablico. Por eso nos comprometemos a publicar art\u00edculos elaborados con rigurosidad y profesionalismo. Nuestro contenido siempre ser\u00e1 libre. Y para sostenerlo necesitamos el apoyo econ\u00f3mico de las y los lectores. Desde aqu\u00ed podes ayudarnos a continuar con nuestro servicio con [&hellip;]\" \/>\n<meta property=\"og:url\" content=\"https:\/\/www.noticiasradioreflejos.com.ar\/2021\/contribuciones\/\" \/>\n<meta property=\"og:site_name\" content=\"Noticias Radio Reflejos\" \/>\n<meta property=\"article:modified_time\" content=\"2025-06-19T19:32:40+00:00\" \/>\n<meta property=\"og:image\" content=\"https:\/\/www.noticiasradioreflejos.com.ar\/2021\/wp-content\/uploads\/2021\/07\/logosol300x200.png\" \/>\n\t<meta property=\"og:image:width\" content=\"300\" \/>\n\t<meta property=\"og:image:height\" content=\"200\" \/>\n\t<meta property=\"og:image:type\" content=\"image\/png\" \/>\n<meta name=\"twitter:card\" content=\"summary_large_image\" \/>\n<script type=\"application\/ld+json\" class=\"yoast-schema-graph\">{\"@context\":\"https:\/\/schema.org\",\"@graph\":[{\"@type\":\"WebPage\",\"@id\":\"https:\/\/www.noticiasradioreflejos.com.ar\/2021\/contribuciones\/\",\"url\":\"https:\/\/www.noticiasradioreflejos.com.ar\/2021\/contribuciones\/\",\"name\":\"Contribuciones - Noticias Radio Reflejos\",\"isPartOf\":{\"@id\":\"https:\/\/www.noticiasradioreflejos.com.ar\/2021\/#website\"},\"datePublished\":\"2025-06-19T12:59:41+00:00\",\"dateModified\":\"2025-06-19T19:32:40+00:00\",\"breadcrumb\":{\"@id\":\"https:\/\/www.noticiasradioreflejos.com.ar\/2021\/contribuciones\/#breadcrumb\"},\"inLanguage\":\"es\",\"potentialAction\":[{\"@type\":\"ReadAction\",\"target\":[\"https:\/\/www.noticiasradioreflejos.com.ar\/2021\/contribuciones\/\"]}]},{\"@type\":\"BreadcrumbList\",\"@id\":\"https:\/\/www.noticiasradioreflejos.com.ar\/2021\/contribuciones\/#breadcrumb\",\"itemListElement\":[{\"@type\":\"ListItem\",\"position\":1,\"name\":\"Portada\",\"item\":\"https:\/\/www.noticiasradioreflejos.com.ar\/2021\/\"},{\"@type\":\"ListItem\",\"position\":2,\"name\":\"Contribuciones\"}]},{\"@type\":\"WebSite\",\"@id\":\"https:\/\/www.noticiasradioreflejos.com.ar\/2021\/#website\",\"url\":\"https:\/\/www.noticiasradioreflejos.com.ar\/2021\/\",\"name\":\"Noticias Radio Reflejos\",\"description\":\"Las noticias de mi comarca\",\"potentialAction\":[{\"@type\":\"SearchAction\",\"target\":{\"@type\":\"EntryPoint\",\"urlTemplate\":\"https:\/\/www.noticiasradioreflejos.com.ar\/2021\/?s={search_term_string}\"},\"query-input\":{\"@type\":\"PropertyValueSpecification\",\"valueRequired\":true,\"valueName\":\"search_term_string\"}}],\"inLanguage\":\"es\"}]}<\/script>\n<!-- \/ Yoast SEO plugin. -->","yoast_head_json":{"title":"Contribuciones - Noticias Radio Reflejos","robots":{"index":"index","follow":"follow","max-snippet":"max-snippet:-1","max-image-preview":"max-image-preview:large","max-video-preview":"max-video-preview:-1"},"canonical":"https:\/\/www.noticiasradioreflejos.com.ar\/2021\/contribuciones\/","og_locale":"es_ES","og_type":"article","og_title":"Contribuciones - Noticias Radio Reflejos","og_description":"[vc_row][vc_column][vc_column_text]En Noticias Radio Reflejos creemos que la sociedad necesita informaci\u00f3n confiable guiada por el inter\u00e9s p\u00fablico. Por eso nos comprometemos a publicar art\u00edculos elaborados con rigurosidad y profesionalismo. Nuestro contenido siempre ser\u00e1 libre. Y para sostenerlo necesitamos el apoyo econ\u00f3mico de las y los lectores. Desde aqu\u00ed podes ayudarnos a continuar con nuestro servicio con [&hellip;]","og_url":"https:\/\/www.noticiasradioreflejos.com.ar\/2021\/contribuciones\/","og_site_name":"Noticias Radio Reflejos","article_modified_time":"2025-06-19T19:32:40+00:00","og_image":[{"width":300,"height":200,"url":"https:\/\/www.noticiasradioreflejos.com.ar\/2021\/wp-content\/uploads\/2021\/07\/logosol300x200.png","type":"image\/png"}],"twitter_card":"summary_large_image","schema":{"@context":"https:\/\/schema.org","@graph":[{"@type":"WebPage","@id":"https:\/\/www.noticiasradioreflejos.com.ar\/2021\/contribuciones\/","url":"https:\/\/www.noticiasradioreflejos.com.ar\/2021\/contribuciones\/","name":"Contribuciones - Noticias Radio Reflejos","isPartOf":{"@id":"https:\/\/www.noticiasradioreflejos.com.ar\/2021\/#website"},"datePublished":"2025-06-19T12:59:41+00:00","dateModified":"2025-06-19T19:32:40+00:00","breadcrumb":{"@id":"https:\/\/www.noticiasradioreflejos.com.ar\/2021\/contribuciones\/#breadcrumb"},"inLanguage":"es","potentialAction":[{"@type":"ReadAction","target":["https:\/\/www.noticiasradioreflejos.com.ar\/2021\/contribuciones\/"]}]},{"@type":"BreadcrumbList","@id":"https:\/\/www.noticiasradioreflejos.com.ar\/2021\/contribuciones\/#breadcrumb","itemListElement":[{"@type":"ListItem","position":1,"name":"Portada","item":"https:\/\/www.noticiasradioreflejos.com.ar\/2021\/"},{"@type":"ListItem","position":2,"name":"Contribuciones"}]},{"@type":"WebSite","@id":"https:\/\/www.noticiasradioreflejos.com.ar\/2021\/#website","url":"https:\/\/www.noticiasradioreflejos.com.ar\/2021\/","name":"Noticias Radio Reflejos","description":"Las noticias de mi comarca","potentialAction":[{"@type":"SearchAction","target":{"@type":"EntryPoint","urlTemplate":"https:\/\/www.noticiasradioreflejos.com.ar\/2021\/?s={search_term_string}"},"query-input":{"@type":"PropertyValueSpecification","valueRequired":true,"valueName":"search_term_string"}}],"inLanguage":"es"}]}},"_links":{"self":[{"href":"https:\/\/www.noticiasradioreflejos.com.ar\/2021\/wp-json\/wp\/v2\/pages\/120438","targetHints":{"allow":["GET"]}}],"collection":[{"href":"https:\/\/www.noticiasradioreflejos.com.ar\/2021\/wp-json\/wp\/v2\/pages"}],"about":[{"href":"https:\/\/www.noticiasradioreflejos.com.ar\/2021\/wp-json\/wp\/v2\/types\/page"}],"author":[{"embeddable":true,"href":"https:\/\/www.noticiasradioreflejos.com.ar\/2021\/wp-json\/wp\/v2\/users\/1"}],"replies":[{"embeddable":true,"href":"https:\/\/www.noticiasradioreflejos.com.ar\/2021\/wp-json\/wp\/v2\/comments?post=120438"}],"version-history":[{"count":12,"href":"https:\/\/www.noticiasradioreflejos.com.ar\/2021\/wp-json\/wp\/v2\/pages\/120438\/revisions"}],"predecessor-version":[{"id":120475,"href":"https:\/\/www.noticiasradioreflejos.com.ar\/2021\/wp-json\/wp\/v2\/pages\/120438\/revisions\/120475"}],"wp:attachment":[{"href":"https:\/\/www.noticiasradioreflejos.com.ar\/2021\/wp-json\/wp\/v2\/media?parent=120438"}],"curies":[{"name":"wp","href":"https:\/\/api.w.org\/{rel}","templated":true}]}}